{"id":635,"date":"2014-09-08T20:42:57","date_gmt":"2014-09-08T19:42:57","guid":{"rendered":"http:\/\/plombier-paris-urgence.com\/?page_id=635"},"modified":"2025-08-28T23:12:56","modified_gmt":"2025-08-28T23:12:56","slug":"contacter-un-plombier-a-paris","status":"publish","type":"page","link":"https:\/\/www.plombier-paris-urgence.com\/?page_id=635","title":{"rendered":"Contacter un plombier \u00e0 Paris, avec Auda b\u00e2timent &#8211; 06 15 16 24 95"},"content":{"rendered":"<p>[vc_row][vc_column width=\u00a0\u00bb2\/3&Prime;][vc_column_text]<\/p>\n<h2>Un probl\u00e8me de plomberie ou de chauffage, nous r\u00e9pondons \u00e0 vos questions<\/h2>\n<p>Auda B\u00e2timent est \u00e0 votre \u00e9coute pour tous vos <strong>projets de r\u00e9paration ou de r\u00e9novation de plomberie ou de syst\u00e8me de chauffage<\/strong>. Notamment, pour r\u00e9pondre \u00e0 vos besoins de mani\u00e8re satisfaisante, nous \u00e9tudions avec vous les meilleures solutions pour un r\u00e9sultat \u00e0 la hauteur de vos exigences.<\/p>\n<p>Besoin d&rsquo;une intervention? Vous pouvez contacter un plombier \u00e0 paris et en r\u00e9gion parisienne directement par t\u00e9l\u00e9phone au <a href=\"tel:+33143667701\"><strong>01.43.66.77.01<\/strong><\/a> et au <a href=\"tel:+33615162495\"><strong>06.15.16.24.95.<\/strong><\/a>\u00a0 Vous pouvez \u00e9galement utiliser le formulaire ci-dessous.<\/p>\n<p>Premi\u00e8rement, notre \u00e9quipe vous r\u00e9pondra dans les meilleurs d\u00e9lais. Ensuite, si vous nous contactez pour une tarification, nous vous invitons \u00e0 utiliser notre <a title=\"demander un devis de plomberie ou de chauffage \u00e0 Paris et dans sa r\u00e9gion\" href=\"http:\/\/plombier-paris-urgence.com\/devis-plomberie-en-ligne\/\">formulaire de devis en ligne<\/a>[\/vc_column_text][contact-form-7 id=\u00a0\u00bb1984&Prime; title=\u00a0\u00bbContact_copy\u00a0\u00bb][\/vc_column][vc_column width=\u00a0\u00bb1\/3&Prime;][vc_gmaps link=\u00a0\u00bb#E-8_JTNDaWZyYW1lJTIwc3JjJTNEJTIyaHR0cHMlM0ElMkYlMkZ3d3cuZ29vZ2xlLmNvbSUyRm1hcHMlMkZlbWJlZCUzRnBiJTNEJTIxMW0xNCUyMTFtOCUyMTFtMyUyMTFkMjA5OTQuNzg2NTgxNjU3MDIzJTIxMmQyLjM3NzY2MiUyMTNkNDguODcwNjM2JTIxM20yJTIxMWkxMDI0JTIxMmk3NjglMjE0ZjEzLjElMjEzbTMlMjExbTIlMjExczB4MCUyNTNBMHgzMDQxZjVhMDY1MWEzMWNkJTIxMnNBVURBJTJCQkFUSU1FTlQlMjE1ZTAlMjEzbTIlMjExc2ZyJTIxMnNmciUyMTR2MTQxMDI4MjQ2NzM4NiUyMiUyMHdpZHRoJTNEJTIyODAwJTIyJTIwaGVpZ2h0JTNEJTIyNDAwJTIyJTIwZnJhbWVib3JkZXIlM0QlMjIwJTIyJTIwc3R5bGUlM0QlMjJib3JkZXIlM0EwJTIyJTNFJTNDJTJGaWZyYW1lJTNF\u00a0\u00bb size=\u00a0\u00bb400&Prime;][vc_column_text]<\/p>\n<p>Puis,nous nous entendons rapidement avec vous pour le RV. Et finalement, nos \u00e9quipes r\u00e9alisent vos travaux \u00e0 votre satisfaction enti\u00e8re .<\/p>\n<div><span style=\"color: #ff6600;\"><strong>Auda B\u00e2timent<\/strong><\/span><br \/>\nSiret : 788 833 882<\/p>\n<div>\n<p>43bis rue de l&rsquo;Orillon<br \/>\n75011 Paris<\/p>\n<p>Fixe : <a href=\"tel:+33143667701\">01.43.66.77.01<\/a><br \/>\nMobile : <a href=\"tel:+33615162495\">06.15.16.24.95<\/a><\/p>\n<\/div>\n<p><a href=\"https:\/\/maps.google.com\/maps?ll=48.87061,2.377384&amp;z=13&amp;t=m&amp;hl=fr-FR&amp;gl=FR&amp;mapclient=embed&amp;cid=3477330456546521549\">Nous situer avec Google maps<\/a><\/p>\n<\/div>\n<p>[\/vc_column_text][\/vc_column][\/vc_row]<\/p>\n<p>[tiny-carousel-slider id=\u00a0\u00bb1&Prime;]<\/p>\n<h2 style=\"text-align: center;\"><strong class=\"pt13\">Une entreprise, un seul num\u00e9ro : <span style=\"color: #ff6600;\">01 43 66 77 01<\/span><\/strong><\/h2>\n<p style=\"text-align: center;\">Notre service de d\u00e9pannage rapide en <strong>plomberie<\/strong> couvre tous les arrondissements de Paris.<\/p>\n<p style=\"text-align: center;\"><strong>Auda B\u00e2timen<\/strong>t travaille exclusivement avec des pi\u00e8ces d\u00e9tach\u00e9es ou mat\u00e9riels de grandes marques afin de vous garantir qualit\u00e9 et p\u00e9rennit\u00e9 de notre travail.<\/p>\n","protected":false},"excerpt":{"rendered":"<p>[vc_row][vc_column width=\u00a0\u00bb2\/3&Prime;][vc_column_text] Un probl\u00e8me de plomberie ou de chauffage, nous r\u00e9pondons \u00e0 vos questions Auda B\u00e2timent est \u00e0 votre \u00e9coute pour tous vos projets de r\u00e9paration ou de r\u00e9novation de plomberie ou de syst\u00e8me de chauffage. Notamment, pour r\u00e9pondre \u00e0 vos besoins de mani\u00e8re satisfaisante, nous \u00e9tudions avec vous les meilleures solutions pour un r\u00e9sultat [&hellip;]<\/p>\n","protected":false},"author":1,"featured_media":0,"parent":0,"menu_order":0,"comment_status":"closed","ping_status":"closed","template":"","meta":{"footnotes":""},"_links":{"self":[{"href":"https:\/\/www.plombier-paris-urgence.com\/index.php?rest_route=\/wp\/v2\/pages\/635"}],"collection":[{"href":"https:\/\/www.plombier-paris-urgence.com\/index.php?rest_route=\/wp\/v2\/pages"}],"about":[{"href":"https:\/\/www.plombier-paris-urgence.com\/index.php?rest_route=\/wp\/v2\/types\/page"}],"author":[{"embeddable":true,"href":"https:\/\/www.plombier-paris-urgence.com\/index.php?rest_route=\/wp\/v2\/users\/1"}],"replies":[{"embeddable":true,"href":"https:\/\/www.plombier-paris-urgence.com\/index.php?rest_route=%2Fwp%2Fv2%2Fcomments&post=635"}],"version-history":[{"count":59,"href":"https:\/\/www.plombier-paris-urgence.com\/index.php?rest_route=\/wp\/v2\/pages\/635\/revisions"}],"predecessor-version":[{"id":2302,"href":"https:\/\/www.plombier-paris-urgence.com\/index.php?rest_route=\/wp\/v2\/pages\/635\/revisions\/2302"}],"wp:attachment":[{"href":"https:\/\/www.plombier-paris-urgence.com\/index.php?rest_route=%2Fwp%2Fv2%2Fmedia&parent=635"}],"curies":[{"name":"wp","href":"https:\/\/api.w.org\/{rel}","templated":true}]}}