{"id":623,"date":"2014-09-08T16:42:14","date_gmt":"2014-09-08T15:42:14","guid":{"rendered":"http:\/\/plombier-paris-urgence.com\/?page_id=623"},"modified":"2025-08-28T23:17:14","modified_gmt":"2025-08-28T23:17:14","slug":"installation-materiel-neuf","status":"publish","type":"page","link":"https:\/\/www.plombier-paris-urgence.com\/?page_id=623","title":{"rendered":"Installation de mat\u00e9riel de plomberie de choix &#8211; 06 15 16 24 95"},"content":{"rendered":"<p>[vc_row][vc_column][vc_column_text]<img fetchpriority=\"high\" decoding=\"async\" class=\"wp-image-401 size-medium\" title=\"installation de mat\u00e9riel de plomberie professionnel et certifi\u00e9\" src=\"https:\/\/www.plombier-paris-urgence.com\/wp-content\/uploads\/2017\/03\/installation-materiel-de-plomberie-professionel-et-certifie.jpg\" alt=\"Installation plomberie neuve\" width=\"300\" height=\"300\" \/><\/p>\n<p>Toute notre expertise est \u00e0 votre disposition pour le <strong>remplacement et l\u2019installation de mat\u00e9riel neuf de plomberie et de chauffage<\/strong>. Nous disposons de mat\u00e9riel de 1<sup>er<\/sup> choix afin de garantir la qualit\u00e9 et la p\u00e9rennit\u00e9 de votre installation.<\/p>\n<p>Depuis plus de 15 ans, notre exp\u00e9rience nous a conduit \u00e0 manipuler les meilleurs mat\u00e9riels. Ainsi nous trouvons pour vous, ceux qui poss\u00e8dent le meilleur rapport qualit\u00e9\/prix, mais \u00e9galement ceux, plus haut de gamme, qui nous permettent de travailler dans des conditions optimales.<\/p>\n<p>Lors de l\u2019intervention <strong>notre plombier vous conseille sur le choix des mat\u00e9riaux de plomberie les mieux adapt\u00e9s. <\/strong>On vous conseille \u00e9galement sur leur emploi et leur entretien. Ceci permet de conserver, le plus longtemps l\u2019int\u00e9grit\u00e9 de votre installation sanitaire ou de <a title=\"chauffage d\u00e9pannage rapide \u00e0 paris\" href=\"http:\/\/plombier-paris-urgence.com\/depannage-chauffage-paris\/\">chauffage<\/a>.<\/p>\n<p>Nous intervenons dans tous les arrondissements de Paris. Contactez-nous au <a href=\"tel:+33143667701\"><strong>01.43.66.77.01<\/strong><\/a> ou au <a href=\"tel:+33615162495\"><strong>06.15.16.24.95<\/strong><\/a> pour tous vos <a title=\"renovation d'installation de chauffage et de plomberie\" href=\"http:\/\/plombier-paris-urgence.com\/renovation-chauffage-plomberie\/\">travaux d\u2019installation de plomberie<\/a>.<\/p>\n<p>&nbsp;<\/p>\n<p>[tiny-carousel-slider id=\u00a0\u00bb1&Prime;]<\/p>\n<h2 style=\"text-align: center;\"><strong class=\"pt13\">Une entreprise, un seul num\u00e9ro : <span style=\"color: #ff6600;\">01 43 66 77 01<\/span><\/strong><\/h2>\n<p style=\"text-align: center;\">Notre service de d\u00e9pannage rapide en <strong>plomberie<\/strong> couvre tous les arrondissements de Paris.<\/p>\n<p style=\"text-align: center;\"><strong>Auda B\u00e2timen<\/strong>t travaille exclusivement avec des pi\u00e8ces d\u00e9tach\u00e9es ou mat\u00e9riels de grandes marques afin de vous garantir qualit\u00e9 et p\u00e9rennit\u00e9 de notre travail.<\/p>\n<p>[\/vc_column_text][\/vc_column][\/vc_row]<\/p>\n","protected":false},"excerpt":{"rendered":"<p>[vc_row][vc_column][vc_column_text] Toute notre expertise est \u00e0 votre disposition pour le remplacement et l\u2019installation de mat\u00e9riel neuf de plomberie et de chauffage. Nous disposons de mat\u00e9riel de 1er choix afin de garantir la qualit\u00e9 et la p\u00e9rennit\u00e9 de votre installation. Depuis plus de 15 ans, notre exp\u00e9rience nous a conduit \u00e0 manipuler les meilleurs mat\u00e9riels. Ainsi [&hellip;]<\/p>\n","protected":false},"author":1,"featured_media":0,"parent":143,"menu_order":0,"comment_status":"closed","ping_status":"closed","template":"","meta":{"footnotes":""},"_links":{"self":[{"href":"https:\/\/www.plombier-paris-urgence.com\/index.php?rest_route=\/wp\/v2\/pages\/623"}],"collection":[{"href":"https:\/\/www.plombier-paris-urgence.com\/index.php?rest_route=\/wp\/v2\/pages"}],"about":[{"href":"https:\/\/www.plombier-paris-urgence.com\/index.php?rest_route=\/wp\/v2\/types\/page"}],"author":[{"embeddable":true,"href":"https:\/\/www.plombier-paris-urgence.com\/index.php?rest_route=\/wp\/v2\/users\/1"}],"replies":[{"embeddable":true,"href":"https:\/\/www.plombier-paris-urgence.com\/index.php?rest_route=%2Fwp%2Fv2%2Fcomments&post=623"}],"version-history":[{"count":28,"href":"https:\/\/www.plombier-paris-urgence.com\/index.php?rest_route=\/wp\/v2\/pages\/623\/revisions"}],"predecessor-version":[{"id":2309,"href":"https:\/\/www.plombier-paris-urgence.com\/index.php?rest_route=\/wp\/v2\/pages\/623\/revisions\/2309"}],"up":[{"embeddable":true,"href":"https:\/\/www.plombier-paris-urgence.com\/index.php?rest_route=\/wp\/v2\/pages\/143"}],"wp:attachment":[{"href":"https:\/\/www.plombier-paris-urgence.com\/index.php?rest_route=%2Fwp%2Fv2%2Fmedia&parent=623"}],"curies":[{"name":"wp","href":"https:\/\/api.w.org\/{rel}","templated":true}]}}