{"id":390,"date":"2014-09-06T09:53:10","date_gmt":"2014-09-06T08:53:10","guid":{"rendered":"http:\/\/plombier-paris-urgence.com\/?page_id=390"},"modified":"2025-08-28T23:17:42","modified_gmt":"2025-08-28T23:17:42","slug":"remplacement-ballon-deau-chaude","status":"publish","type":"page","link":"https:\/\/www.plombier-paris-urgence.com\/?page_id=390","title":{"rendered":"Remplacement ballon d&rsquo;eau chaude et chauffe-eau &#8211; 06 15 16 24 95"},"content":{"rendered":"<p>[vc_row][vc_column][vc_column_text]<\/p>\n<div class=\"tb\">\n<div class=\"td\">\n<p>Un dysfonctionnement avec votre <strong>dispositif de ballon d\u2019eau chaude<\/strong> ? Auda B\u00e2timent, artisan plombier chauffagiste \u00e0 Paris, se rend chez vous pour traiter votre urgence. Ainsi, on s&rsquo;assure que vous puissiez retrouver votre confort rapidement.<\/p>\n<p>Qu\u2019il s\u2019agisse d\u2019un <strong>chauffe-eau<\/strong> fonctionnant au gaz, \u00e0 l\u2019\u00e9lectricit\u00e9, \u00e0 l\u2019\u00e9nergie solaire ou thermodynamique, nous vous garantissons une <strong>intervention rapide<\/strong> quel que soit l\u2019arrondissement de Paris. Nous mettons tout en \u0153uvre pour assurer le meilleur des services.<\/p>\n<p>Contactez-nous au <a href=\"tel:+33143667701\"><strong>01.43.66.77.01<\/strong><\/a> ou au <a href=\"tel:+33615162495\"><strong>06.15.16.24.95<\/strong><\/a>.<\/p>\n<p>Votre dispositif de production d\u2019eau chaude vous est essentiel au quotidien, alors n\u2019attendez pas que la panne survienne pour l\u2019entretenir ou le renouveler. Si vous h\u00e9sitez sur le choix du dispositif qui conviendra le mieux, <a title=\"Plombier pour r\u00e9novation d'installation de chauffage et intervention de plomberie \u00e0 Paris\" href=\"http:\/\/plombier-paris-urgence.com\/renovation-chauffage-plomberie\/\">b\u00e9n\u00e9ficiez de nos conseils neutres pour \u00e9valuer votre projet<\/a>.<\/p>\n<p>Contactez-nous vite pour obtenir un <a title=\"demander en ligne un devis gratuit \u00e0 un plombier parisien \" href=\"http:\/\/plombier-paris-urgence.com\/devis-plomberie-en-ligne\/\">devis gratuit personnalis\u00e9<\/a>.<\/p>\n<\/div>\n<div class=\"tb\">\n<p><img fetchpriority=\"high\" decoding=\"async\" class=\"wp-image-394 size-medium\" title=\"installation et remplacement de chauffe-eau\" src=\"https:\/\/www.plombier-paris-urgence.com\/wp-content\/uploads\/2017\/03\/installation-et-remplacement-de-chauffe-eau.jpg\" alt=\"Une entreprise, un seul num\u00e9ro : 01 43 66 77 01\" width=\"300\" height=\"300\" \/><\/p>\n<\/div>\n<\/div>\n<div style=\"clear: both;\">[tiny-carousel-slider id=\u00a0\u00bb1&Prime;]<\/div>\n<h2 style=\"text-align: center;\"><strong class=\"pt13\">Une entreprise, un seul num\u00e9ro : <span style=\"color: #ff6600;\">01 43 66 77 01<\/span><\/strong><\/h2>\n<p style=\"text-align: center;\">Notre service de d\u00e9pannage rapide en <strong>plomberie<\/strong> couvre tous les arrondissements de Paris.<\/p>\n<p style=\"text-align: center;\"><strong>Auda B\u00e2timen<\/strong>t travaille exclusivement avec des pi\u00e8ces d\u00e9tach\u00e9es ou mat\u00e9riels de grandes marques afin de vous garantir qualit\u00e9 et p\u00e9rennit\u00e9 de notre travail.<\/p>\n<p>[\/vc_column_text][\/vc_column][\/vc_row]<\/p>\n","protected":false},"excerpt":{"rendered":"<p>[vc_row][vc_column][vc_column_text] Un dysfonctionnement avec votre dispositif de ballon d\u2019eau chaude ? Auda B\u00e2timent, artisan plombier chauffagiste \u00e0 Paris, se rend chez vous pour traiter votre urgence. Ainsi, on s&rsquo;assure que vous puissiez retrouver votre confort rapidement. Qu\u2019il s\u2019agisse d\u2019un chauffe-eau fonctionnant au gaz, \u00e0 l\u2019\u00e9lectricit\u00e9, \u00e0 l\u2019\u00e9nergie solaire ou thermodynamique, nous vous garantissons une intervention [&hellip;]<\/p>\n","protected":false},"author":1,"featured_media":0,"parent":143,"menu_order":0,"comment_status":"closed","ping_status":"closed","template":"","meta":{"footnotes":""},"_links":{"self":[{"href":"https:\/\/www.plombier-paris-urgence.com\/index.php?rest_route=\/wp\/v2\/pages\/390"}],"collection":[{"href":"https:\/\/www.plombier-paris-urgence.com\/index.php?rest_route=\/wp\/v2\/pages"}],"about":[{"href":"https:\/\/www.plombier-paris-urgence.com\/index.php?rest_route=\/wp\/v2\/types\/page"}],"author":[{"embeddable":true,"href":"https:\/\/www.plombier-paris-urgence.com\/index.php?rest_route=\/wp\/v2\/users\/1"}],"replies":[{"embeddable":true,"href":"https:\/\/www.plombier-paris-urgence.com\/index.php?rest_route=%2Fwp%2Fv2%2Fcomments&post=390"}],"version-history":[{"count":47,"href":"https:\/\/www.plombier-paris-urgence.com\/index.php?rest_route=\/wp\/v2\/pages\/390\/revisions"}],"predecessor-version":[{"id":2310,"href":"https:\/\/www.plombier-paris-urgence.com\/index.php?rest_route=\/wp\/v2\/pages\/390\/revisions\/2310"}],"up":[{"embeddable":true,"href":"https:\/\/www.plombier-paris-urgence.com\/index.php?rest_route=\/wp\/v2\/pages\/143"}],"wp:attachment":[{"href":"https:\/\/www.plombier-paris-urgence.com\/index.php?rest_route=%2Fwp%2Fv2%2Fmedia&parent=390"}],"curies":[{"name":"wp","href":"https:\/\/api.w.org\/{rel}","templated":true}]}}