{"id":269,"date":"2014-08-30T19:36:00","date_gmt":"2014-08-30T18:36:00","guid":{"rendered":"http:\/\/plombier-paris-urgence.com\/?page_id=269"},"modified":"2025-08-28T23:16:42","modified_gmt":"2025-08-28T23:16:42","slug":"debouchage-canalisation","status":"publish","type":"page","link":"https:\/\/www.plombier-paris-urgence.com\/?page_id=269","title":{"rendered":"D\u00e9bouchage canalisations &#8211; 06 15 16 24 95"},"content":{"rendered":"<p>[vc_row][vc_column][vc_column_text]<img fetchpriority=\"high\" decoding=\"async\" class=\"wp-image-316 size-medium\" title=\"Appelez un sp\u00e9cialiste du d\u00e9bouchage de canalisation \u00e0 Paris\" src=\"https:\/\/www.plombier-paris-urgence.com\/wp-content\/uploads\/2017\/03\/debouchage-de-canalisation-paris.jpg\" alt=\"D\u00e9bouchage canalisation\" width=\"300\" height=\"243\" \/><\/p>\n<h2>Appelez un sp\u00e9cialiste du d\u00e9bouchage de canalisations \u00e0 Paris<\/h2>\n<p>Un <strong>engorgement<\/strong> ou le <strong>bouchage de vos canalisations<\/strong> doit imp\u00e9rativement \u00eatre trait\u00e9 dans les plus brefs d\u00e9lais. Ceci permet de pr\u00e9venir tout risque de reflux des eaux us\u00e9es et de d\u00e9g\u00e2ts des eaux.<\/p>\n<p>Auda B\u00e2timent, <a href=\"http:\/\/plombier-paris-urgence.com\/plombier-paris-urgence\/\">sp\u00e9cialiste en plomberie \u00e0 Paris<\/a>, vous propose son <strong>service d\u2019assainissement et de d\u00e9bouchage de canalisation<\/strong> pour retrouver votre confort rapidement.<\/p>\n<p>Contactez-nous au <span style=\"color: #ff0000;\"><strong>06 15 16 24 95<\/strong><\/span><\/p>\n<p>Nous disposons d\u2019une \u00e9quipe de plombiers qualifi\u00e9s pr\u00eats \u00e0 intervenir \u00e0 tout moment du jour et de la nuit pour le d\u00e9bouchage de canalisations \u00e0 Paris, mais \u00e9galement pour tout autre probl\u00e8me de plomberie qui pourrait \u00eatre li\u00e9.<\/p>\n<p>Disposant d\u2019une longue exp\u00e9rience dans le domaine, Auda B\u00e2timent vous garantit des services professionnels, rapides et efficaces. Et tout \u00e7a, et \u00e0 des <a title=\"devis plomberie rapide professionnel et pas cher\" href=\"http:\/\/plombier-paris-urgence.com\/devis-plomberie-en-ligne\/\">tarifs avantageux<\/a>.<\/p>\n<p>En outre, avec les <strong>Contrats d\u2019Assistance incluant le d\u00e9bouchage de canalisations<\/strong>, vous b\u00e9n\u00e9ficiez d\u2019une prise en charge rapide des interventions. Toutes nos interventions sont ex\u00e9cut\u00e9es avec rigueur et discipline afin de vous assurer une qualit\u00e9 de travail irr\u00e9prochable.<\/p>\n<p>[tiny-carousel-slider id=\u00a0\u00bb1&Prime;]<\/p>\n<h2 style=\"text-align: center;\"><strong class=\"pt13\">Une entreprise, un seul num\u00e9ro : <span style=\"color: #ff6600;\">06 15 16 24 95<\/span><\/strong><\/h2>\n<p style=\"text-align: center;\">Notre service de d\u00e9pannage rapide en <strong>plomberie<\/strong> couvre tous les arrondissements de Paris.<\/p>\n<p style=\"text-align: center;\"><strong>Auda B\u00e2timen<\/strong>t travaille exclusivement avec des pi\u00e8ces d\u00e9tach\u00e9es ou mat\u00e9riels de grandes marques afin de vous garantir qualit\u00e9 et p\u00e9rennit\u00e9 de notre travail.<\/p>\n<p>[\/vc_column_text][\/vc_column][\/vc_row]<\/p>\n","protected":false},"excerpt":{"rendered":"<p>[vc_row][vc_column][vc_column_text] Appelez un sp\u00e9cialiste du d\u00e9bouchage de canalisations \u00e0 Paris Un engorgement ou le bouchage de vos canalisations doit imp\u00e9rativement \u00eatre trait\u00e9 dans les plus brefs d\u00e9lais. Ceci permet de pr\u00e9venir tout risque de reflux des eaux us\u00e9es et de d\u00e9g\u00e2ts des eaux. Auda B\u00e2timent, sp\u00e9cialiste en plomberie \u00e0 Paris, vous propose son service d\u2019assainissement [&hellip;]<\/p>\n","protected":false},"author":1,"featured_media":0,"parent":143,"menu_order":0,"comment_status":"closed","ping_status":"closed","template":"","meta":{"footnotes":""},"_links":{"self":[{"href":"https:\/\/www.plombier-paris-urgence.com\/index.php?rest_route=\/wp\/v2\/pages\/269"}],"collection":[{"href":"https:\/\/www.plombier-paris-urgence.com\/index.php?rest_route=\/wp\/v2\/pages"}],"about":[{"href":"https:\/\/www.plombier-paris-urgence.com\/index.php?rest_route=\/wp\/v2\/types\/page"}],"author":[{"embeddable":true,"href":"https:\/\/www.plombier-paris-urgence.com\/index.php?rest_route=\/wp\/v2\/users\/1"}],"replies":[{"embeddable":true,"href":"https:\/\/www.plombier-paris-urgence.com\/index.php?rest_route=%2Fwp%2Fv2%2Fcomments&post=269"}],"version-history":[{"count":54,"href":"https:\/\/www.plombier-paris-urgence.com\/index.php?rest_route=\/wp\/v2\/pages\/269\/revisions"}],"predecessor-version":[{"id":2308,"href":"https:\/\/www.plombier-paris-urgence.com\/index.php?rest_route=\/wp\/v2\/pages\/269\/revisions\/2308"}],"up":[{"embeddable":true,"href":"https:\/\/www.plombier-paris-urgence.com\/index.php?rest_route=\/wp\/v2\/pages\/143"}],"wp:attachment":[{"href":"https:\/\/www.plombier-paris-urgence.com\/index.php?rest_route=%2Fwp%2Fv2%2Fmedia&parent=269"}],"curies":[{"name":"wp","href":"https:\/\/api.w.org\/{rel}","templated":true}]}}