{"id":208,"date":"2014-08-27T16:46:17","date_gmt":"2014-08-27T15:46:17","guid":{"rendered":"http:\/\/plombier-paris-urgence.com\/?page_id=208"},"modified":"2025-08-28T23:14:20","modified_gmt":"2025-08-28T23:14:20","slug":"plombier-chauffagiste-paris","status":"publish","type":"page","link":"https:\/\/www.plombier-paris-urgence.com\/?page_id=208","title":{"rendered":"Plombier Chauffagiste Paris &#8211; 06 15 16 24 95"},"content":{"rendered":"<p>[vc_row][vc_column][vc_column_text]<\/p>\n<div class=\"tb\">\n<div class=\"td\">\n<h1>Un probl\u00e8me de chauffage ? D\u00e9pannage d\u2019urgence 24h\/24 7j\/7<\/h1>\n<p>&nbsp;<\/p>\n<p>Auda B\u00e2timent est sp\u00e9cialiste de l\u2019<strong>installation, du d\u00e9pannage et de l\u2019entretien de chauffage pour les particuliers sur Paris<\/strong>. Nous vous proposons des interventions rapides et efficaces. Nous \u00e9tudions \u00e9galement un tarif adapt\u00e9 \u00e0 la situation et \u00e0 votre budget et fournissons conseils et devis gratuit.<\/p>\n<p>Quelle que soit votre urgence, nous mettons tout notre savoir-faire \u00e0 votre disposition. Notre \u00e9quipe de <strong>plombiers-chauffagistes<\/strong> se plient \u00e0 vos exigences.<\/p>\n<p>Appelez-nous au <a href=\"tel:+33143667701\"><strong>01.43.66.77.01<\/strong><\/a> ou au <a href=\"tel:+33615162495\"><strong>06.15.16.24.95<\/strong><\/a>.<\/p>\n<\/div>\n<div class=\"ts\">\n<p><img fetchpriority=\"high\" decoding=\"async\" class=\"wp-image-203 size-medium\" title=\"Un probl\u00e8me de chauffage ? D\u00e9pannage d\u2019urgence 24h\/24 7j\/7\" src=\"https:\/\/www.plombier-paris-urgence.com\/wp-content\/uploads\/2017\/03\/plombier-chauffagiste-paris.jpg\" alt=\"D\u00e9pannage chauffage Paris Appelez-nous au 01.43.66.77.01 ou 06.15.16.24.95\" width=\"300\" height=\"241\" \/><\/p>\n<\/div>\n<\/div>\n<div class=\"tb\" style=\"clear: both;\">\n<h2>Un projet d\u2019installation ou de r\u00e9novation de chauffage ?<\/h2>\n<p>Auda B\u00e2timent vous assure le <strong>diagnostic de fonctionnement de votre mat\u00e9riel<\/strong>, l\u2019installation de vos radiateurs, chaudi\u00e8re \u00e0 gaz et fioul ou tout autre syst\u00e8me de chauffage. Nous assurons \u00e9galement leur remplacement, leur entretien et leur d\u00e9pannage le cas \u00e9ch\u00e9ant.<\/p>\n<p>Nous vous apportons les solutions pour vous accompagner dans la r\u00e9alisation de vos projets de chauffage qu\u2019il s\u2019agisse <a title=\"Restauration et mise aux normes d'installations de chauffage et de plomberie\" href=\"http:\/\/plombier-paris-urgence.com\/renovation-chauffage-plomberie\/\">d\u2019installation ou de r\u00e9novation de syst\u00e8me de chauffage<\/a>. Et nous sommes \u00e9galement en mesure de vous fournir des prestations d\u2019entretien annuel.<\/p>\n<p>Si votre <strong>installation de chauffage<\/strong> n\u2019est pas r\u00e9cente, commence \u00e0 \u00eatre d\u00e9fectueuse, ou se r\u00e9v\u00e8le particuli\u00e8rement \u00e9nergivore, alors il est temps de la remplacer. Afin de vous conseiller dans vos choix, nous vous proposons des <a title=\"devis renovation chauffage en ligne\" href=\"http:\/\/plombier-paris-urgence.com\/devis-plomberie-en-ligne\/\">devis gratuits pour remplacer votre syst\u00e8me de chauffage.<\/a> Nous intervenons pour le remplacement de chaudi\u00e8re \u00e0 gaz ou au fioul, de chaudi\u00e8re \u00e0 condensation, de chauffe-eau ou tout autre syst\u00e8me de chauffage.<\/p>\n<p>Nous intervenons sur tout type de projet d\u2019installation et de r\u00e9novation de chauffage sur Paris et sa r\u00e9gion.<\/p>\n<\/div>\n<p>[tiny-carousel-slider id=\u00a0\u00bb1&Prime;]<\/p>\n<h2 style=\"text-align: center;\"><strong class=\"pt13\">Une entreprise, un seul num\u00e9ro : <span style=\"color: #ff6600;\">01 43 66 77 01<\/span><\/strong><\/h2>\n<p style=\"text-align: center;\">Notre service de d\u00e9pannage rapide en <strong>plomberie<\/strong> couvre tous les arrondissements de Paris.<\/p>\n<p style=\"text-align: center;\"><strong>Auda B\u00e2timen<\/strong>t travaille exclusivement avec des pi\u00e8ces d\u00e9tach\u00e9es ou mat\u00e9riels de grandes marques afin de vous garantir qualit\u00e9 et p\u00e9rennit\u00e9 de notre travail.<\/p>\n<p>[\/vc_column_text][\/vc_column][\/vc_row]<\/p>\n","protected":false},"excerpt":{"rendered":"<p>[vc_row][vc_column][vc_column_text] Un probl\u00e8me de chauffage ? D\u00e9pannage d\u2019urgence 24h\/24 7j\/7 &nbsp; Auda B\u00e2timent est sp\u00e9cialiste de l\u2019installation, du d\u00e9pannage et de l\u2019entretien de chauffage pour les particuliers sur Paris. Nous vous proposons des interventions rapides et efficaces. Nous \u00e9tudions \u00e9galement un tarif adapt\u00e9 \u00e0 la situation et \u00e0 votre budget et fournissons conseils et devis [&hellip;]<\/p>\n","protected":false},"author":1,"featured_media":0,"parent":0,"menu_order":0,"comment_status":"closed","ping_status":"closed","template":"","meta":{"footnotes":""},"_links":{"self":[{"href":"https:\/\/www.plombier-paris-urgence.com\/index.php?rest_route=\/wp\/v2\/pages\/208"}],"collection":[{"href":"https:\/\/www.plombier-paris-urgence.com\/index.php?rest_route=\/wp\/v2\/pages"}],"about":[{"href":"https:\/\/www.plombier-paris-urgence.com\/index.php?rest_route=\/wp\/v2\/types\/page"}],"author":[{"embeddable":true,"href":"https:\/\/www.plombier-paris-urgence.com\/index.php?rest_route=\/wp\/v2\/users\/1"}],"replies":[{"embeddable":true,"href":"https:\/\/www.plombier-paris-urgence.com\/index.php?rest_route=%2Fwp%2Fv2%2Fcomments&post=208"}],"version-history":[{"count":53,"href":"https:\/\/www.plombier-paris-urgence.com\/index.php?rest_route=\/wp\/v2\/pages\/208\/revisions"}],"predecessor-version":[{"id":2304,"href":"https:\/\/www.plombier-paris-urgence.com\/index.php?rest_route=\/wp\/v2\/pages\/208\/revisions\/2304"}],"wp:attachment":[{"href":"https:\/\/www.plombier-paris-urgence.com\/index.php?rest_route=%2Fwp%2Fv2%2Fmedia&parent=208"}],"curies":[{"name":"wp","href":"https:\/\/api.w.org\/{rel}","templated":true}]}}