{"id":146,"date":"2014-08-25T16:08:43","date_gmt":"2014-08-25T15:08:43","guid":{"rendered":"http:\/\/plombier-paris-urgence.com\/?page_id=146"},"modified":"2025-08-28T23:10:51","modified_gmt":"2025-08-28T23:10:51","slug":"urgence","status":"publish","type":"page","link":"https:\/\/www.plombier-paris-urgence.com\/?page_id=146","title":{"rendered":"Urgence Plomberie Paris &#8211; 06 15 16 24 95"},"content":{"rendered":"<p>[vc_row][vc_column][vc_column_text]<\/p>\n<h1 style=\"text-align: left;\">Interventions d&rsquo;urgence plomberie \u00e0 Paris : d\u00e9pannage; d\u00e9gorgement; r\u00e9paration<\/h1>\n<p>&nbsp;<\/p>\n<p><a title=\"intervention d'urgence en plomberie en r\u00e9gion parisienne\" href=\"http:\/\/plombier-paris-urgence.com\/urgence-plombier-paris\/\">Des soucis de plomberie ?<\/a><\/p>\n<p><img decoding=\"async\" class=\"wp-image-1148 size-full\" title=\"Interventions d'urgence plomberie \u00e0 Paris : d\u00e9pannage; d\u00e9gorgement; r\u00e9paration\" src=\"https:\/\/www.plombier-paris-urgence.com\/wp-content\/uploads\/2017\/03\/urgence-plomberie.jpg\" alt=\"N\u2019attendez pas que le ph\u00e9nom\u00e8ne empire, contactez-nous d\u00e8s maintenant au 01.43.66.77.01.\" width=\"150\" height=\"150\" \/><\/p>\n<p>Auda B\u00e2timent vous apporte son savoir-faire et son expertise concernant vos soucis quotidiens de <strong>plomberie<\/strong>, que vous soyez particulier ou professionnel. Nous vous proposons des interventions de d\u00e9pannage et de r\u00e9paration rapides et efficaces sur Paris pour tous les arrondissements.<\/p>\n<p>Joignables \u00e0 tout moment, nos plombiers interviennent pour <strong>tout type de probl\u00e8me li\u00e9 \u00e0 votre plomberie et \u00e0 votre chauffage<\/strong>. Nos services de d\u00e9pannage plomberie \u00e0 Paris sont \u00e0 la mesure de votre urgence et nos tarifs sont sans surprise.<\/p>\n<p>N\u2019attendez pas que le ph\u00e9nom\u00e8ne empire, contactez-nous d\u00e8s maintenant au <a href=\"tel:+33143667701\"><strong>01.43.66.77.01<\/strong><\/a>. Si votre probl\u00e8me de plomberie est vraiment urgent, contactez notre plombier d\u2019astreinte au <a href=\"tel:+33615162495\">06.15.16.24.95<\/a>.<\/p>\n<p>&nbsp;<\/p>\n<h2><a title=\"pose de syst\u00e8me de plomberie neuf\" href=\"http:\/\/plombier-paris-urgence.com\/urgence-plombier-paris\/installation-materiel-neuf\/\">Installation de mat\u00e9riel de plomberie et de tuyauterie neuf<\/a><\/h2>\n<p><img decoding=\"async\" class=\"alignleft wp-image-1149 size-full\" src=\"http:\/\/viksh.com\/plumber\/wp-content\/uploads\/2016\/07\/materiels-neuf-paris.jpg\" alt=\"outillage et raccords de plomberie\" width=\"150\" height=\"150\" \/><\/p>\n<p>Il existe sur le march\u00e9 de tr\u00e8s bons mat\u00e9riels, d\u2019une qualit\u00e9 sup\u00e9rieure \u00e0 la moyenne et pas n\u00e9cessairement plus chers. Lors d\u2019une intervention, lorsqu\u2019il s\u2019agit de <strong>l\u2019installation de produits de plomberie<\/strong>, nous vous conseillons dans vos choix et vous expliquons la raison de nos pr\u00e9conisations.<\/p>\n<p>Notre objectif n\u2019est pas d\u2019intervenir r\u00e9guli\u00e8rement pour vos probl\u00e8mes de plomberie, mais de tisser une confiance avec vous. Ainsi, vous \u00eates assur\u00e9 \u00e0 la fois d\u2019un travail de qualit\u00e9 et de l\u2019emploi de <strong>mat\u00e9riels de 1<sup>er<\/sup> choix<\/strong> vous garantissant une installation p\u00e9renne.<\/p>\n<p>&nbsp;<\/p>\n<h3><a title=\"intervention fuite d'eau \u00e0 paris\" href=\"http:\/\/plombier-paris-urgence.com\/urgence-plombier-paris\/reparation-fuite-deau-paris\/\">R\u00e9paration fuite d&rsquo;eau<\/a><\/h3>\n<p><img decoding=\"async\" class=\"wp-image-1323 size-full\" title=\"R\u00e9paration fuite d'eau\" src=\"http:\/\/viksh.com\/plumber\/wp-content\/uploads\/2016\/07\/r\u00e9paration-fuite-d\u2019eau.jpg\" alt=\"r\u00e9paration fuite\" width=\"150\" height=\"150\" \/><\/p>\n<p>Une simple fuite d\u2019eau peut rapidement devenir un v\u00e9ritable gouffre \u00e9conomique. En effet, selon les estimations, un robinet qui perd 1 goutte d\u2019eau \u00e0 la seconde peut vous co\u00fbter jusqu\u2019\u00e0 35 euros par an, une chasse d\u2019eau qui fuit peut perdre jusqu\u2019\u00e0 50 litres d\u2019eau par jour et augmenter votre facture de pr\u00e8s de 600 euros par an !<\/p>\n<p>Alors, n\u2019attendez pas que le ph\u00e9nom\u00e8ne s\u2019envenime. Faites appel rapidement \u00e0 un plombier pour la <strong>r\u00e9paration de fuite d\u2019eau<\/strong>. Souvent, il peut s\u2019agir d\u2019un simple joint us\u00e9 qui n\u00e9cessitera son remplacement, et parfois, selon la gravit\u00e9, la r\u00e9novation de l\u2019installation de votre plomberie devra \u00eatre envisag\u00e9e.<\/p>\n<p>&nbsp;<\/p>\n<h4><a title=\"remplacement ballon d'eau chaude\" href=\"http:\/\/plombier-paris-urgence.com\/urgence-plombier-paris\/remplacement-ballon-deau-chaude\/\">Remplacement de ballon d\u2019eau chaude et d\u00e9pannage de chauffe-eau <\/a><\/h4>\n<p><img loading=\"lazy\" decoding=\"async\" class=\"wp-image-1324 size-full\" title=\"Remplacement de ballon d\u2019eau chaude et d\u00e9pannage de chauffe-eau et cumulus\" src=\"http:\/\/viksh.com\/plumber\/wp-content\/uploads\/2016\/07\/ballon-d\u2019eau-chaude.jpg\" alt=\"ballon d'eau chaude\" width=\"150\" height=\"150\" \/><\/p>\n<p>Auda B\u00e2timent est sp\u00e9cialiste dans le d\u00e9pannage plomberie et chauffage \u00e0 Paris. Nous intervenons rapidement \u00e0 votre domicile ou dans vos bureaux <strong>pour r\u00e9soudre vos probl\u00e8mes de chauffage<\/strong>.<\/p>\n<p>Nous sommes en mesure d\u2019intervenir sur tout type de ballon d\u2019eau chauffe et de chauffe-eau. Nos tarifs d\u2019intervention font l\u2019objet d\u2019un devis avant prestation. Ainsi, c\u2019est sans aucune surprise que votre installation peut \u00eatre r\u00e9par\u00e9e, quelle que soit l\u2019urgence.<br \/>\n[tiny-carousel-slider id=\u00a0\u00bb1&Prime;]<\/p>\n<h2 style=\"text-align: center;\"><strong class=\"pt13\">Une entreprise, un seul num\u00e9ro : <span style=\"color: #ff6600;\">01 43 66 77 01<\/span><\/strong><\/h2>\n<p style=\"text-align: center;\">Notre service de d\u00e9pannage rapide en <strong>plomberie<\/strong> couvre tous les arrondissements de Paris.<\/p>\n<p style=\"text-align: center;\"><strong>Auda B\u00e2timen<\/strong>t travaille exclusivement avec des pi\u00e8ces d\u00e9tach\u00e9es ou mat\u00e9riels de grandes marques afin de vous garantir qualit\u00e9 et p\u00e9rennit\u00e9 de notre travail.<\/p>\n<p>[\/vc_column_text][\/vc_column][\/vc_row]<\/p>\n","protected":false},"excerpt":{"rendered":"<p>[vc_row][vc_column][vc_column_text] Interventions d&rsquo;urgence plomberie \u00e0 Paris : d\u00e9pannage; d\u00e9gorgement; r\u00e9paration &nbsp; Des soucis de plomberie ? Auda B\u00e2timent vous apporte son savoir-faire et son expertise concernant vos soucis quotidiens de plomberie, que vous soyez particulier ou professionnel. Nous vous proposons des interventions de d\u00e9pannage et de r\u00e9paration rapides et efficaces sur Paris pour tous les [&hellip;]<\/p>\n","protected":false},"author":1,"featured_media":0,"parent":0,"menu_order":0,"comment_status":"closed","ping_status":"closed","template":"","meta":{"footnotes":""},"_links":{"self":[{"href":"https:\/\/www.plombier-paris-urgence.com\/index.php?rest_route=\/wp\/v2\/pages\/146"}],"collection":[{"href":"https:\/\/www.plombier-paris-urgence.com\/index.php?rest_route=\/wp\/v2\/pages"}],"about":[{"href":"https:\/\/www.plombier-paris-urgence.com\/index.php?rest_route=\/wp\/v2\/types\/page"}],"author":[{"embeddable":true,"href":"https:\/\/www.plombier-paris-urgence.com\/index.php?rest_route=\/wp\/v2\/users\/1"}],"replies":[{"embeddable":true,"href":"https:\/\/www.plombier-paris-urgence.com\/index.php?rest_route=%2Fwp%2Fv2%2Fcomments&post=146"}],"version-history":[{"count":70,"href":"https:\/\/www.plombier-paris-urgence.com\/index.php?rest_route=\/wp\/v2\/pages\/146\/revisions"}],"predecessor-version":[{"id":2301,"href":"https:\/\/www.plombier-paris-urgence.com\/index.php?rest_route=\/wp\/v2\/pages\/146\/revisions\/2301"}],"wp:attachment":[{"href":"https:\/\/www.plombier-paris-urgence.com\/index.php?rest_route=%2Fwp%2Fv2%2Fmedia&parent=146"}],"curies":[{"name":"wp","href":"https:\/\/api.w.org\/{rel}","templated":true}]}}