{"id":123,"date":"2014-08-25T15:29:23","date_gmt":"2014-08-25T14:29:23","guid":{"rendered":"http:\/\/plombier-paris-urgence.com\/?page_id=123"},"modified":"2025-08-28T23:13:56","modified_gmt":"2025-08-28T23:13:56","slug":"devis-plomberie-en-ligne","status":"publish","type":"page","link":"https:\/\/www.plombier-paris-urgence.com\/?page_id=123","title":{"rendered":"Devis plomberie en ligne, gratuit et rapide &#8211; 06 15 16 24 95"},"content":{"rendered":"<p>[vc_row][vc_column][vc_column_text]<\/p>\n<div class=\"tb\">\n<div class=\"td\">\n<h2>Des besoins en plomberie \u00e0 Paris et aux alentours ?<\/h2>\n<p>Auda B\u00e2timent propose\u00a0des <strong>devis plomberie en ligne 100% gratuits<\/strong> pour tout type d\u2019intervention dans les domaines de la <strong>plomberie, mais aussi du chauffage<\/strong>. Par exemple, pour la r\u00e9paration de fuite d\u2019eau, r\u00e9paration de plomberie, r\u00e9paration de fuite de gaz, d\u00e9bouchage d&rsquo;\u00e9vier ou de toilettes, installation ou r\u00e9novation de salle de bain et de sanitaires, Auda B\u00e2timent r\u00e9pond \u00e0 vos besoins \u00e0 des tarifs attractifs.<\/p>\n<p><strong>Notamment, nous traitons toutes les demandes de devis plomberie et chauffage dans les 24h.<\/strong>\u00a0 Alors, n&rsquo;h\u00e9sitez plus, demandez nous un devis.<\/p>\n<p>[contact-form-7 id=\u00a0\u00bb779&Prime; title=\u00a0\u00bbContact\u00a0\u00bb]<\/p>\n<\/div>\n<div class=\"ts\" style=\"padding-left: 2%;\">\n<p><img fetchpriority=\"high\" decoding=\"async\" title=\"Des besoins en plomberie \u00e0 Paris et aux alentours\" src=\"https:\/\/www.plombier-paris-urgence.com\/wp-content\/uploads\/2017\/03\/devis-plomberie-et-chauffage.jpg\" alt=\"Notamment, nous traitons toutes les demandes de devis plomberie et chauffage dans les 24h.\" width=\"287\" height=\"255\" \/><\/p>\n<h2>Devis plomberie et chauffage<\/h2>\n<p>Un plombier-chauffagiste <strong>\u00ab\u00a0Auda B\u00e2timent\u00a0\u00bb, r\u00e9pond rapidement et gratuitement<\/strong> \u00e0 vos demandes de devis plomberie et chauffage sur Paris et aussi sa r\u00e9gion.<\/p>\n<p>Alors, n&rsquo;h\u00e9sitez plus! Contactez-nous rapidement afin de trouver la meilleure solution adapt\u00e9e non seulement \u00e0 vos besoins, mais aussi \u00e0 votre budget.<\/p>\n<div>\n<p><span style=\"color: #ff6600;\"><strong>Auda B\u00e2timent<\/strong><\/span><br \/>\nSiret : 788 833 882<\/p>\n<div>\n<p>43bis rue de l&rsquo;Orillon,<br \/>\n75011 Paris.-*-<\/p>\n<p>Fixe : <a href=\"tel:+33143667701\">01.43.66.77.01<\/a><br \/>\nMobile : <a href=\"tel:+33615162495\">06.15.16.24.95<\/a><\/p>\n<\/div>\n<p><a href=\"https:\/\/maps.google.com\/maps?ll=48.87061,2.377384&amp;z=13&amp;t=m&amp;hl=fr-FR&amp;gl=FR&amp;mapclient=embed&amp;cid=3477330456546521549\">Nous situer avec Google maps<\/a><\/p>\n<\/div>\n<p>&nbsp;<\/p>\n<p>&nbsp;<\/p>\n<\/div>\n<\/div>\n<div style=\"clear: both;\">[tiny-carousel-slider id=\u00a0\u00bb1&Prime;]<\/div>\n<h2 style=\"text-align: center;\"><strong class=\"pt13\">Une entreprise, un seul num\u00e9ro : <span style=\"color: #ff6600;\">01 43 66 77 01<\/span><\/strong><\/h2>\n<p style=\"text-align: center;\">Notre service de d\u00e9pannage rapide en <strong>plomberie<\/strong> couvre tous les arrondissements de Paris ainsi que sa r\u00e9gion.<\/p>\n<p style=\"text-align: center;\"><strong>Auda B\u00e2timen<\/strong>t travaille exclusivement avec des pi\u00e8ces d\u00e9tach\u00e9es ou mat\u00e9riels de grandes marques afin de vous garantir qualit\u00e9 et p\u00e9rennit\u00e9 de notre travail.<\/p>\n<p>[\/vc_column_text][\/vc_column][\/vc_row]<\/p>\n","protected":false},"excerpt":{"rendered":"<p>[vc_row][vc_column][vc_column_text] Des besoins en plomberie \u00e0 Paris et aux alentours ? Auda B\u00e2timent propose\u00a0des devis plomberie en ligne 100% gratuits pour tout type d\u2019intervention dans les domaines de la plomberie, mais aussi du chauffage. Par exemple, pour la r\u00e9paration de fuite d\u2019eau, r\u00e9paration de plomberie, r\u00e9paration de fuite de gaz, d\u00e9bouchage d&rsquo;\u00e9vier ou de toilettes, [&hellip;]<\/p>\n","protected":false},"author":1,"featured_media":0,"parent":0,"menu_order":0,"comment_status":"closed","ping_status":"closed","template":"","meta":{"footnotes":""},"_links":{"self":[{"href":"https:\/\/www.plombier-paris-urgence.com\/index.php?rest_route=\/wp\/v2\/pages\/123"}],"collection":[{"href":"https:\/\/www.plombier-paris-urgence.com\/index.php?rest_route=\/wp\/v2\/pages"}],"about":[{"href":"https:\/\/www.plombier-paris-urgence.com\/index.php?rest_route=\/wp\/v2\/types\/page"}],"author":[{"embeddable":true,"href":"https:\/\/www.plombier-paris-urgence.com\/index.php?rest_route=\/wp\/v2\/users\/1"}],"replies":[{"embeddable":true,"href":"https:\/\/www.plombier-paris-urgence.com\/index.php?rest_route=%2Fwp%2Fv2%2Fcomments&post=123"}],"version-history":[{"count":87,"href":"https:\/\/www.plombier-paris-urgence.com\/index.php?rest_route=\/wp\/v2\/pages\/123\/revisions"}],"predecessor-version":[{"id":2303,"href":"https:\/\/www.plombier-paris-urgence.com\/index.php?rest_route=\/wp\/v2\/pages\/123\/revisions\/2303"}],"wp:attachment":[{"href":"https:\/\/www.plombier-paris-urgence.com\/index.php?rest_route=%2Fwp%2Fv2%2Fmedia&parent=123"}],"curies":[{"name":"wp","href":"https:\/\/api.w.org\/{rel}","templated":true}]}}