{"id":120,"date":"2014-08-25T15:26:24","date_gmt":"2014-08-25T14:26:24","guid":{"rendered":"http:\/\/plombier-paris-urgence.com\/?page_id=120"},"modified":"2025-08-28T23:18:08","modified_gmt":"2025-08-28T23:18:08","slug":"reparation-fuite-deau-paris","status":"publish","type":"page","link":"https:\/\/www.plombier-paris-urgence.com\/?page_id=120","title":{"rendered":"R\u00e9paration fuite d&rsquo;eau Paris &#8211; 06 15 16 24 95"},"content":{"rendered":"<div class=\"tb\">\n<div class=\"th\">\n<p><img fetchpriority=\"high\" decoding=\"async\" class=\"wp-image-1808 size-medium\" style=\"width: 95%;\" title=\"r\u00e9paration de fuite d'eau paris\" src=\"https:\/\/www.plombier-paris-urgence.com\/wp-content\/uploads\/2017\/03\/reparation-fuite-d-eau.jpg\" alt=\"R\u00e9paration fuite d'eau \u00e0 paris 0 1 43 66 77 01\" width=\"274\" height=\"300\" \/><\/p>\n<\/div>\n<div class=\"th\">\n<h1><strong>R\u00e9paration de fuite d&rsquo;eau \u00e0 Paris<\/strong><\/h1>\n<div class=\"img-indent\" style=\"text-align: justify;\">\n<p><img decoding=\"async\" class=\"wp-image-1327 size-full\" title=\"R\u00e9paration de fuite d'eau \u00e0 Paris\" src=\"https:\/\/www.plombier-paris-urgence.com\/wp-content\/uploads\/2017\/03\/reparation-de-fuite-deau-paris.jpg\" alt=\"R\u00e9paration fuite d'eau sur canalisation\" width=\"150\" height=\"150\" \/><\/p>\n<p><span style=\"font-size: 15px;\">Si vous d\u00e9celez une <strong>fuite d\u2019eau<\/strong> ou un \u00e9coulement anormal dans votre plomberie, n\u2019attendez pas que le ph\u00e9nom\u00e8ne enfle et prenne des proportions irr\u00e9versibles. Contactez un plombier professionnel pour r\u00e9parer votre fuite d\u2019eau.<\/span><\/p>\n<p>Nous vous proposons notre service <strong><em>Urgence Plombier Paris<\/em><\/strong> afin de traiter votre <strong>probl\u00e8me de fuite d\u2019eau<\/strong> dans les meilleurs d\u00e9lais. Apr\u00e8s le diagnostic, notre plombier vous \u00e9tablit un devis pour la r\u00e9paration de votre fuite d\u2019eau et l\u2019\u00e9ventuel changement des pi\u00e8ces.<\/p>\n<\/div>\n<\/div>\n<\/div>\n<p>Aucune intervention n\u2019est effectu\u00e9e sans votre accord et nos tarifs, tr\u00e8s attractifs, sont adapt\u00e9s \u00e0 la situation et \u00e0 votre budget. Lors de votre appel, nous vous conseillons sur les premiers r\u00e9flexes \u00e0 avoir en cas de <strong>fuite d\u2019eau.<\/strong> Ceci permet de circonscrire rapidement le probl\u00e8me, en attendant l\u2019intervention de notre plombier.<\/p>\n<p>Contactez-nous au <a href=\"tel:+33143667701\"><strong>01.43.66.77.01<\/strong><\/a>.<\/p>\n<h2>Les premiers r\u00e9flexes en cas de fuite d&rsquo;eau<\/h2>\n<p><img decoding=\"async\" class=\"wp-image-1328 size-full\" title=\"Les premiers r\u00e9flexes en cas de fuite d'eau\" src=\"https:\/\/www.plombier-paris-urgence.com\/wp-content\/uploads\/2017\/03\/probleme-fuite-d-eau.jpg\" alt=\"Ces t\u00e2ches effectu\u00e9es, vous pouvez attendre sereinement l\u2019arriv\u00e9e de notre plombier. Celui-ci diagnostiquera votre probl\u00e8me et vous soumettra les solutions d\u2019urgence.\" width=\"228\" height=\"202\" \/><\/p>\n<p>Les raisons d\u2019une fuite d\u2019eau ou d\u2019un \u00e9coulement peuvent \u00eatre diverses (joint us\u00e9, tuyau endommag\u00e9 ou v\u00e9tuste, canalisation perc\u00e9e, etc.). Alors, il est pr\u00e9f\u00e9rable d\u2019opter pour le principe de pr\u00e9caution. En attendant l\u2019intervention de notre plombier, il est n\u00e9cessaire de <strong>couper \u00e0 la fois l\u2019eau pour l\u2019\u00e9conomiser<\/strong> et \u00e9viter son infiltration dans les sols et les murs, <strong>mais aussi l\u2019\u00e9lectricit\u00e9<\/strong> pour \u00e9viter tout risque d\u2019\u00e9lectrocution ou de court-circuit.<\/p>\n<p>Tout d\u2019abord, commencez par <strong><u>coupez l\u2019\u00e9lectricit\u00e9<\/u><\/strong> en appuyant sur l\u2019interrupteur de votre disjoncteur (sur votre tableau \u00e9lectrique). Trouvez ensuite l\u2019alimentation g\u00e9n\u00e9rale d\u2019eau de votre logement, en principe situ\u00e9e dans votre cuisine, votre salle de bains ou dans vos toilettes, et fermez le robinet.<\/p>\n<p>Ces t\u00e2ches effectu\u00e9es, vous pouvez attendre sereinement l\u2019arriv\u00e9e de notre plombier. Celui-ci diagnostiquera votre probl\u00e8me et vous soumettra les <a title=\"devis d\u00e9taill\u00e9 plomberie \u00e0 Paris\" href=\"http:\/\/plombier-paris-urgence.com\/devis-plomberie-en-ligne\/\">solutions d\u2019urgence<\/a>.<\/p>\n<p>&nbsp;<\/p>\n<p>[tiny-carousel-slider id=\u00a0\u00bb1&Prime;]<\/p>\n<h2 style=\"text-align: center;\"><strong class=\"pt13\">Une entreprise, un seul num\u00e9ro : <span style=\"color: #ff6600;\">01 43 66 77 01<\/span><\/strong><\/h2>\n<p style=\"text-align: center;\">Notre service de d\u00e9pannage rapide en <strong>plomberie<\/strong> couvre tous les arrondissements de Paris.<\/p>\n<p style=\"text-align: center;\"><strong>Auda B\u00e2timen<\/strong>t travaille exclusivement avec des pi\u00e8ces d\u00e9tach\u00e9es ou mat\u00e9riels de grandes marques afin de vous garantir qualit\u00e9 et p\u00e9rennit\u00e9 de notre travail.<\/p>\n","protected":false},"excerpt":{"rendered":"<p>R\u00e9paration de fuite d&rsquo;eau \u00e0 Paris Si vous d\u00e9celez une fuite d\u2019eau ou un \u00e9coulement anormal dans votre plomberie, n\u2019attendez pas que le ph\u00e9nom\u00e8ne enfle et prenne des proportions irr\u00e9versibles. Contactez un plombier professionnel pour r\u00e9parer votre fuite d\u2019eau. Nous vous proposons notre service Urgence Plombier Paris afin de traiter votre probl\u00e8me de fuite d\u2019eau [&hellip;]<\/p>\n","protected":false},"author":1,"featured_media":0,"parent":143,"menu_order":0,"comment_status":"closed","ping_status":"closed","template":"","meta":{"footnotes":""},"_links":{"self":[{"href":"https:\/\/www.plombier-paris-urgence.com\/index.php?rest_route=\/wp\/v2\/pages\/120"}],"collection":[{"href":"https:\/\/www.plombier-paris-urgence.com\/index.php?rest_route=\/wp\/v2\/pages"}],"about":[{"href":"https:\/\/www.plombier-paris-urgence.com\/index.php?rest_route=\/wp\/v2\/types\/page"}],"author":[{"embeddable":true,"href":"https:\/\/www.plombier-paris-urgence.com\/index.php?rest_route=\/wp\/v2\/users\/1"}],"replies":[{"embeddable":true,"href":"https:\/\/www.plombier-paris-urgence.com\/index.php?rest_route=%2Fwp%2Fv2%2Fcomments&post=120"}],"version-history":[{"count":67,"href":"https:\/\/www.plombier-paris-urgence.com\/index.php?rest_route=\/wp\/v2\/pages\/120\/revisions"}],"predecessor-version":[{"id":2311,"href":"https:\/\/www.plombier-paris-urgence.com\/index.php?rest_route=\/wp\/v2\/pages\/120\/revisions\/2311"}],"up":[{"embeddable":true,"href":"https:\/\/www.plombier-paris-urgence.com\/index.php?rest_route=\/wp\/v2\/pages\/143"}],"wp:attachment":[{"href":"https:\/\/www.plombier-paris-urgence.com\/index.php?rest_route=%2Fwp%2Fv2%2Fmedia&parent=120"}],"curies":[{"name":"wp","href":"https:\/\/api.w.org\/{rel}","templated":true}]}}